{"id":7973,"date":"2025-10-28T17:12:56","date_gmt":"2025-10-28T16:12:56","guid":{"rendered":"https:\/\/optionmods.com\/?page_id=7973"},"modified":"2026-05-04T17:44:47","modified_gmt":"2026-05-04T15:44:47","slug":"mentions-legales","status":"publish","type":"page","link":"https:\/\/www.optionmods.com\/en\/mentions-legales\/","title":{"rendered":"Legal notice"},"content":{"rendered":"<div data-elementor-type=\"wp-page\" data-elementor-id=\"7973\" class=\"elementor elementor-7973\" data-elementor-post-type=\"page\">\n\t\t\t\t<div class=\"elementor-element elementor-element-3f0b1ff e-flex e-con-boxed e-con e-parent\" data-id=\"3f0b1ff\" data-element_type=\"container\" data-e-type=\"container\">\n\t\t\t\t\t<div class=\"e-con-inner\">\n\t\t\t\t<div class=\"elementor-element elementor-element-50058e9 elementor-widget elementor-widget-html\" data-id=\"50058e9\" data-element_type=\"widget\" data-e-type=\"widget\" data-widget_type=\"html.default\">\n\t\t\t\t<div class=\"elementor-widget-container\">\n\t\t\t\t\t<!DOCTYPE html>\n<html lang=\"fr\">\n<head>\n<meta charset=\"UTF-8\">\n<meta name=\"viewport\" content=\"width=device-width, initial-scale=1.0\">\n<title>Mentions l\u00e9gales \u2014 OptionMods<\/title>\n\n<link href=\"https:\/\/cdn.jsdelivr.net\/npm\/bootstrap-icons@1.11.3\/font\/bootstrap-icons.min.css\" rel=\"stylesheet\"\/>\n\n<style>\n:root{\n--accent:#FECC0B;\n--bg:#F8FAFC;\n--card:#FFFFFF;\n--line:#E5E7EB;\n--text:#374151;\n--ink:#111827;\n--shadow:0 10px 28px rgba(17,24,39,.05);\n}\n\n*{box-sizing:border-box}\n\nbody{\nmargin:0;\nfont-family:system-ui,-apple-system,Segoe UI,Roboto,Arial,sans-serif;\nbackground:radial-gradient(900px 320px at 0% 0%, rgba(254,204,11,.08), transparent 44%),var(--bg);\ncolor:var(--ink);\nline-height:1.6;\noverflow-x:hidden;\n}\n\n.wrap{\nmax-width:920px;\nmargin:20px auto;\npadding:0 12px;\n}\n\n.hero{\nbackground:#fff;\nborder:1px solid rgba(17,24,39,.06);\nborder-radius:18px;\nbox-shadow:var(--shadow);\npadding:18px;\nmargin-bottom:16px;\n}\n\n.chips{\ndisplay:flex;\ngap:8px;\nflex-wrap:wrap;\nmargin-bottom:10px;\n}\n\n.chip{\ndisplay:flex;\nalign-items:center;\ngap:6px;\npadding:6px 10px;\nborder-radius:999px;\nborder:1px solid var(--line);\nfont-size:.82rem;\nfont-weight:600;\nbackground:#fff;\n}\n\n.chip i{\ncolor:#b88900;\n}\n\nh1{\nmargin:0 0 6px;\nfont-size:1.7rem;\n}\n\n.lead{\nmargin:0;\nfont-size:.95rem;\ncolor:var(--text);\n}\n\n.card{\nbackground:var(--card);\nborder:1px solid var(--line);\nborder-radius:18px;\nbox-shadow:var(--shadow);\noverflow:hidden;\n}\n\n.card-head{\ndisplay:flex;\nalign-items:center;\ngap:10px;\npadding:14px;\nborder-bottom:1px solid var(--line);\n}\n\n.card-head i{\nwidth:32px;\nheight:32px;\ndisplay:grid;\nplace-items:center;\nborder-radius:10px;\nbackground:linear-gradient(180deg,#FFF8D6,#FFE680);\ncolor:#8A6700;\n}\n\n.content{\npadding:16px;\n}\n\n.conditions{\ndisplay:grid;\ngap:12px;\n}\n\n.clause{\nborder:1px solid var(--line);\nborder-radius:14px;\npadding:14px;\nbackground:#fff;\n}\n\n.clause h3{\nmargin:0 0 6px;\nfont-size:.98rem;\nfont-weight:700;\n}\n\n.clause p{\nmargin:0;\nfont-size:.92rem;\ncolor:var(--text);\n}\n\n.clause p + p{\nmargin-top:10px;\n}\n\n.note{\nborder:1px solid rgba(254,204,11,.35);\nbackground:#FFFBEB;\nborder-radius:14px;\npadding:12px;\nfont-size:.9rem;\ncolor:#5B4A00;\n}\n<\/style>\n<\/head>\n\n<body>\n\n<div class=\"wrap\">\n\n<header class=\"hero\">\n\n<div class=\"chips\">\n<span class=\"chip\"><i class=\"bi bi-info-circle\"><\/i> Legal notice<\/span>\n<span class=\"chip\"><i class=\"bi bi-shield-exclamation\"><\/i> Non affiliation<\/span>\n<\/div>\n\n<h1>Legal notice<\/h1>\n\n<p class=\"lead\">\nInformations l\u00e9gales relatives au site OptionMods, \u00e0 son \u00e9diteur et \u00e0 son cadre d\u2019utilisation.\n<\/p>\n\n<\/header>\n\n<section class=\"card\">\n\n<div class=\"card-head\">\n<i class=\"bi bi-file-text\"><\/i>\n<h2>Legal information<\/h2>\n<\/div>\n\n<div class=\"content\">\n\n<div class=\"conditions\">\n\n<article class=\"clause\">\n<h3>1. \u00c9diteur du site<\/h3>\n<p>\nLe site <strong>www.optionmods.com<\/strong> est \u00e9dit\u00e9 \u00e0 titre non professionnel par un particulier domicili\u00e9 en France.\n<\/p>\n<p>\nLe site pr\u00e9sente principalement des informations techniques. Certaines pages peuvent \u00e9galement d\u00e9crire les conditions applicables aux demandes d\u2019intervention associ\u00e9es \u00e0 OptionMods.\n<\/p>\n<p>\n\ud83d\udce7 <strong>Contact :<\/strong> contact@optionmods.com\n<\/p>\n<\/article>\n\n<article class=\"clause\">\n<h3>2. H\u00e9bergement<\/h3>\n<p>\n<strong>Hostinger International Ltd<\/strong><br>\n61 Lordou Vironos Street, Chypre\n<\/p>\n<\/article>\n\n<article class=\"clause\">\n<h3>3. Objet du site<\/h3>\n<p>\nLe site OptionMods propose des contenus techniques et p\u00e9dagogiques sur les syst\u00e8mes \u00e9lectroniques automobiles,\n\u00e0 des fins de compr\u00e9hension et d\u2019information.\n<\/p>\n<\/article>\n\n<article class=\"clause\">\n<h3>4. Non-affiliation<\/h3>\n<p>\n<strong>OptionMods n\u2019est affili\u00e9 \u00e0 aucune marque automobile, notamment Renault ou Dacia.<\/strong>\n<\/p>\n<p>\nLes marques cit\u00e9es restent la propri\u00e9t\u00e9 de leurs titulaires. Leur utilisation est strictement descriptive.\n<\/p>\n<\/article>\n\n<article class=\"clause\">\n<h3>5. Propri\u00e9t\u00e9 intellectuelle<\/h3>\n<p>\nLes contenus du site sont prot\u00e9g\u00e9s. Toute reproduction sans autorisation est interdite.\n<\/p>\n<\/article>\n\n<article class=\"clause\">\n<h3>6. Responsabilit\u00e9<\/h3>\n<p>\nLes informations sont fournies \u00e0 titre informatif. L\u2019utilisateur reste responsable de leur utilisation.\n<\/p>\n<\/article>\n\n<article class=\"clause\">\n<h3>7. Conditions d\u2019intervention<\/h3>\n<p>\nLes interventions \u00e9ventuelles consistent en des activations ou configurations sans modification invasive.\n<\/p>\n<p>\nAucun dysfonctionnement pr\u00e9existant ne peut \u00eatre imput\u00e9 \u00e0 OptionMods.\n<\/p>\n<\/article>\n\n<div class=\"note\">\nCe site est ind\u00e9pendant et informatif. Aucune affiliation constructeur.\n<\/div>\n\n<\/div>\n\n<\/div>\n\n<\/section>\n\n<\/div>\n\n<\/body>\n<\/html>\t\t\t\t<\/div>\n\t\t\t\t<\/div>\n\t\t\t\t\t<\/div>\n\t\t\t\t<\/div>\n\t\t\t\t<\/div>","protected":false},"excerpt":{"rendered":"<p>Mentions l\u00e9gales \u2014 OptionMods Mentions l\u00e9gales Non affiliation Mentions l\u00e9gales Informations l\u00e9gales relatives au site OptionMods, \u00e0 son \u00e9diteur et \u00e0 son cadre d\u2019utilisation. Informations l\u00e9gales 1. \u00c9diteur du site Le site www.optionmods.com est \u00e9dit\u00e9 \u00e0 titre non professionnel par un particulier domicili\u00e9 en France. Le site pr\u00e9sente principalement des informations techniques. Certaines pages peuvent [&hellip;]<\/p>\n","protected":false},"author":1,"featured_media":0,"parent":0,"menu_order":0,"comment_status":"closed","ping_status":"closed","template":"","meta":{"footnotes":""},"class_list":["post-7973","page","type-page","status-publish","hentry"],"yoast_head":"<!-- This site is optimized with the Yoast SEO plugin v27.5 - https:\/\/yoast.com\/product\/yoast-seo-wordpress\/ -->\n<title>Mentions l\u00e9gales<\/title>\n<meta name=\"robots\" content=\"index, follow, max-snippet:-1, max-image-preview:large, max-video-preview:-1\" \/>\n<link rel=\"canonical\" href=\"https:\/\/www.optionmods.com\/en\/mentions-legales\/\" \/>\n<meta property=\"og:locale\" content=\"en_US\" \/>\n<meta property=\"og:type\" content=\"article\" \/>\n<meta property=\"og:title\" content=\"Mentions l\u00e9gales\" \/>\n<meta property=\"og:description\" content=\"Mentions l\u00e9gales \u2014 OptionMods Mentions l\u00e9gales Non affiliation Mentions l\u00e9gales Informations l\u00e9gales relatives au site OptionMods, \u00e0 son \u00e9diteur et \u00e0 son cadre d\u2019utilisation. Informations l\u00e9gales 1. \u00c9diteur du site Le site www.optionmods.com est \u00e9dit\u00e9 \u00e0 titre non professionnel par un particulier domicili\u00e9 en France. Le site pr\u00e9sente principalement des informations techniques. Certaines pages peuvent [&hellip;]\" \/>\n<meta property=\"og:url\" content=\"https:\/\/www.optionmods.com\/en\/mentions-legales\/\" \/>\n<meta property=\"og:site_name\" content=\"OptionMods\" \/>\n<meta property=\"article:modified_time\" content=\"2026-05-04T15:44:47+00:00\" \/>\n<meta property=\"og:image\" content=\"https:\/\/www.optionmods.com\/wp-content\/uploads\/2025\/02\/logo-renomods-transparent-e1746014537997.webp\" \/>\n\t<meta property=\"og:image:width\" content=\"1024\" \/>\n\t<meta property=\"og:image:height\" content=\"370\" \/>\n\t<meta property=\"og:image:type\" content=\"image\/webp\" \/>\n<meta name=\"twitter:card\" content=\"summary_large_image\" \/>\n<meta name=\"twitter:label1\" content=\"Est. reading time\" \/>\n\t<meta name=\"twitter:data1\" content=\"2 minutes\" \/>\n<script type=\"application\/ld+json\" class=\"yoast-schema-graph\">{\"@context\":\"https:\\\/\\\/schema.org\",\"@graph\":[{\"@type\":\"WebPage\",\"@id\":\"https:\\\/\\\/www.optionmods.com\\\/en\\\/mentions-legales\\\/\",\"url\":\"https:\\\/\\\/www.optionmods.com\\\/en\\\/mentions-legales\\\/\",\"name\":\"Mentions l\u00e9gales\",\"isPartOf\":{\"@id\":\"https:\\\/\\\/www.optionmods.com\\\/en\\\/#website\"},\"datePublished\":\"2025-10-28T16:12:56+00:00\",\"dateModified\":\"2026-05-04T15:44:47+00:00\",\"breadcrumb\":{\"@id\":\"https:\\\/\\\/www.optionmods.com\\\/en\\\/mentions-legales\\\/#breadcrumb\"},\"inLanguage\":\"en-US\",\"potentialAction\":[{\"@type\":\"ReadAction\",\"target\":[\"https:\\\/\\\/www.optionmods.com\\\/en\\\/mentions-legales\\\/\"]}]},{\"@type\":\"BreadcrumbList\",\"@id\":\"https:\\\/\\\/www.optionmods.com\\\/en\\\/mentions-legales\\\/#breadcrumb\",\"itemListElement\":[{\"@type\":\"ListItem\",\"position\":1,\"name\":\"Accueil\",\"item\":\"https:\\\/\\\/www.optionmods.com\\\/en\\\/\"},{\"@type\":\"ListItem\",\"position\":2,\"name\":\"Mentions l\u00e9gales\"}]},{\"@type\":\"WebSite\",\"@id\":\"https:\\\/\\\/www.optionmods.com\\\/en\\\/#website\",\"url\":\"https:\\\/\\\/www.optionmods.com\\\/en\\\/\",\"name\":\"RenoMods\",\"description\":\"\",\"publisher\":{\"@id\":\"https:\\\/\\\/www.optionmods.com\\\/en\\\/#organization\"},\"potentialAction\":[{\"@type\":\"SearchAction\",\"target\":{\"@type\":\"EntryPoint\",\"urlTemplate\":\"https:\\\/\\\/www.optionmods.com\\\/en\\\/?s={search_term_string}\"},\"query-input\":{\"@type\":\"PropertyValueSpecification\",\"valueRequired\":true,\"valueName\":\"search_term_string\"}}],\"inLanguage\":\"en-US\"},{\"@type\":\"Organization\",\"@id\":\"https:\\\/\\\/www.optionmods.com\\\/en\\\/#organization\",\"name\":\"RenoMods\",\"url\":\"https:\\\/\\\/www.optionmods.com\\\/en\\\/\",\"logo\":{\"@type\":\"ImageObject\",\"inLanguage\":\"en-US\",\"@id\":\"https:\\\/\\\/www.optionmods.com\\\/en\\\/#\\\/schema\\\/logo\\\/image\\\/\",\"url\":\"https:\\\/\\\/www.optionmods.com\\\/wp-content\\\/uploads\\\/2026\\\/05\\\/logo-optionmods-transparent-e1777908767864.webp\",\"contentUrl\":\"https:\\\/\\\/www.optionmods.com\\\/wp-content\\\/uploads\\\/2026\\\/05\\\/logo-optionmods-transparent-e1777908767864.webp\",\"width\":1236,\"height\":502,\"caption\":\"RenoMods\"},\"image\":{\"@id\":\"https:\\\/\\\/www.optionmods.com\\\/en\\\/#\\\/schema\\\/logo\\\/image\\\/\"}}]}<\/script>\n<!-- \/ Yoast SEO plugin. -->","yoast_head_json":{"title":"Legal notice","robots":{"index":"index","follow":"follow","max-snippet":"max-snippet:-1","max-image-preview":"max-image-preview:large","max-video-preview":"max-video-preview:-1"},"canonical":"https:\/\/www.optionmods.com\/en\/mentions-legales\/","og_locale":"en_US","og_type":"article","og_title":"Mentions l\u00e9gales","og_description":"Mentions l\u00e9gales \u2014 OptionMods Mentions l\u00e9gales Non affiliation Mentions l\u00e9gales Informations l\u00e9gales relatives au site OptionMods, \u00e0 son \u00e9diteur et \u00e0 son cadre d\u2019utilisation. Informations l\u00e9gales 1. \u00c9diteur du site Le site www.optionmods.com est \u00e9dit\u00e9 \u00e0 titre non professionnel par un particulier domicili\u00e9 en France. Le site pr\u00e9sente principalement des informations techniques. Certaines pages peuvent [&hellip;]","og_url":"https:\/\/www.optionmods.com\/en\/mentions-legales\/","og_site_name":"OptionMods","article_modified_time":"2026-05-04T15:44:47+00:00","og_image":[{"width":1024,"height":370,"url":"https:\/\/www.optionmods.com\/wp-content\/uploads\/2025\/02\/logo-renomods-transparent-e1746014537997.webp","type":"image\/webp"}],"twitter_card":"summary_large_image","twitter_misc":{"Est. reading time":"2 minutes"},"schema":{"@context":"https:\/\/schema.org","@graph":[{"@type":"WebPage","@id":"https:\/\/www.optionmods.com\/en\/mentions-legales\/","url":"https:\/\/www.optionmods.com\/en\/mentions-legales\/","name":"Legal notice","isPartOf":{"@id":"https:\/\/www.optionmods.com\/en\/#website"},"datePublished":"2025-10-28T16:12:56+00:00","dateModified":"2026-05-04T15:44:47+00:00","breadcrumb":{"@id":"https:\/\/www.optionmods.com\/en\/mentions-legales\/#breadcrumb"},"inLanguage":"en-US","potentialAction":[{"@type":"ReadAction","target":["https:\/\/www.optionmods.com\/en\/mentions-legales\/"]}]},{"@type":"BreadcrumbList","@id":"https:\/\/www.optionmods.com\/en\/mentions-legales\/#breadcrumb","itemListElement":[{"@type":"ListItem","position":1,"name":"Accueil","item":"https:\/\/www.optionmods.com\/en\/"},{"@type":"ListItem","position":2,"name":"Mentions l\u00e9gales"}]},{"@type":"WebSite","@id":"https:\/\/www.optionmods.com\/en\/#website","url":"https:\/\/www.optionmods.com\/en\/","name":"RenoMods","description":"","publisher":{"@id":"https:\/\/www.optionmods.com\/en\/#organization"},"potentialAction":[{"@type":"SearchAction","target":{"@type":"EntryPoint","urlTemplate":"https:\/\/www.optionmods.com\/en\/?s={search_term_string}"},"query-input":{"@type":"PropertyValueSpecification","valueRequired":true,"valueName":"search_term_string"}}],"inLanguage":"en-US"},{"@type":"Organization","@id":"https:\/\/www.optionmods.com\/en\/#organization","name":"RenoMods","url":"https:\/\/www.optionmods.com\/en\/","logo":{"@type":"ImageObject","inLanguage":"en-US","@id":"https:\/\/www.optionmods.com\/en\/#\/schema\/logo\/image\/","url":"https:\/\/www.optionmods.com\/wp-content\/uploads\/2026\/05\/logo-optionmods-transparent-e1777908767864.webp","contentUrl":"https:\/\/www.optionmods.com\/wp-content\/uploads\/2026\/05\/logo-optionmods-transparent-e1777908767864.webp","width":1236,"height":502,"caption":"RenoMods"},"image":{"@id":"https:\/\/www.optionmods.com\/en\/#\/schema\/logo\/image\/"}}]}},"_links":{"self":[{"href":"https:\/\/www.optionmods.com\/en\/wp-json\/wp\/v2\/pages\/7973","targetHints":{"allow":["GET"]}}],"collection":[{"href":"https:\/\/www.optionmods.com\/en\/wp-json\/wp\/v2\/pages"}],"about":[{"href":"https:\/\/www.optionmods.com\/en\/wp-json\/wp\/v2\/types\/page"}],"author":[{"embeddable":true,"href":"https:\/\/www.optionmods.com\/en\/wp-json\/wp\/v2\/users\/1"}],"replies":[{"embeddable":true,"href":"https:\/\/www.optionmods.com\/en\/wp-json\/wp\/v2\/comments?post=7973"}],"version-history":[{"count":0,"href":"https:\/\/www.optionmods.com\/en\/wp-json\/wp\/v2\/pages\/7973\/revisions"}],"wp:attachment":[{"href":"https:\/\/www.optionmods.com\/en\/wp-json\/wp\/v2\/media?parent=7973"}],"curies":[{"name":"wp","href":"https:\/\/api.w.org\/{rel}","templated":true}]}}